{"id":30,"date":"2023-11-09T23:28:53","date_gmt":"2023-11-09T23:28:53","guid":{"rendered":"https:\/\/ccasadecor.com.br\/?page_id=30"},"modified":"2023-11-21T14:40:18","modified_gmt":"2023-11-21T14:40:18","slug":"sobre-nos","status":"publish","type":"page","link":"https:\/\/ccasadecor.com.br\/index.php\/sobre-nos\/","title":{"rendered":"SOBRE N\u00d3S"},"content":{"rendered":"\t\t<div data-elementor-type=\"wp-page\" data-elementor-id=\"30\" class=\"elementor elementor-30\" data-elementor-post-type=\"page\">\n\t\t\t\t\t\t<section class=\"elementor-section elementor-top-section elementor-element elementor-element-ba73698 elementor-section-full_width elementor-section-height-default elementor-section-height-default elementor-invisible\" data-id=\"ba73698\" data-element_type=\"section\" data-e-type=\"section\" data-settings=\"{&quot;animation&quot;:&quot;slideInUp&quot;}\">\n\t\t\t\t\t\t<div class=\"elementor-container elementor-column-gap-default\">\n\t\t\t\t\t<div class=\"elementor-column elementor-col-50 elementor-top-column elementor-element elementor-element-4ba090d\" data-id=\"4ba090d\" data-element_type=\"column\" data-e-type=\"column\">\n\t\t\t<div class=\"elementor-widget-wrap elementor-element-populated\">\n\t\t\t\t\t\t<div class=\"elementor-element elementor-element-5931680 elementor-widget elementor-widget-image\" data-id=\"5931680\" data-element_type=\"widget\" data-e-type=\"widget\" data-widget_type=\"image.default\">\n\t\t\t\t<div class=\"elementor-widget-container\">\n\t\t\t\t\t\t\t\t\t\t\t\t\t\t\t<img fetchpriority=\"high\" decoding=\"async\" width=\"600\" height=\"761\" src=\"https:\/\/ccasadecor.com.br\/wp-content\/uploads\/2023\/11\/Captura-de-tela-2023-11-09-220037-600x761.png\" class=\"attachment-woocommerce_single size-woocommerce_single wp-image-89\" alt=\"\" srcset=\"https:\/\/ccasadecor.com.br\/wp-content\/uploads\/2023\/11\/Captura-de-tela-2023-11-09-220037-600x761.png 600w, https:\/\/ccasadecor.com.br\/wp-content\/uploads\/2023\/11\/Captura-de-tela-2023-11-09-220037-236x300.png 236w, https:\/\/ccasadecor.com.br\/wp-content\/uploads\/2023\/11\/Captura-de-tela-2023-11-09-220037.png 706w\" sizes=\"(max-width: 600px) 100vw, 600px\" \/>\t\t\t\t\t\t\t\t\t\t\t\t\t\t\t<\/div>\n\t\t\t\t<\/div>\n\t\t\t\t\t<\/div>\n\t\t<\/div>\n\t\t\t\t<div class=\"elementor-column elementor-col-50 elementor-top-column elementor-element elementor-element-e3f0457\" data-id=\"e3f0457\" data-element_type=\"column\" data-e-type=\"column\">\n\t\t\t<div class=\"elementor-widget-wrap elementor-element-populated\">\n\t\t\t\t\t\t<div class=\"elementor-element elementor-element-44e48a3 elementor-widget elementor-widget-text-editor\" data-id=\"44e48a3\" data-element_type=\"widget\" data-e-type=\"widget\" data-widget_type=\"text-editor.default\">\n\t\t\t\t<div class=\"elementor-widget-container\">\n\t\t\t\t\t\t\t\t\t<p style=\"text-align: left;\">Essa hist\u00f3ria come\u00e7ou h\u00e1 quase 10 anos, quando a arquitetura passou a fazer parte das nossas vidas ainda na faculdade.<\/p><p>Mentes criativas e inquietas se conectam!<\/p><p>O desejo de criar projetos humanizados e personificados nos uniu. O Ccasa nasce do sonho de duas mulheres arquitetas que criam com a alma e projetam com o cora\u00e7\u00e3o.<br \/>Especialistas e apaixonadas por transformar sonhos em ambientes.<\/p>\t\t\t\t\t\t\t\t<\/div>\n\t\t\t\t<\/div>\n\t\t\t\t\t<\/div>\n\t\t<\/div>\n\t\t\t\t\t<\/div>\n\t\t<\/section>\n\t\t\t\t<section class=\"elementor-section elementor-top-section elementor-element elementor-element-f3f4174 elementor-section-full_width elementor-section-height-default elementor-section-height-default\" data-id=\"f3f4174\" data-element_type=\"section\" data-e-type=\"section\">\n\t\t\t\t\t\t<div class=\"elementor-container elementor-column-gap-default\">\n\t\t\t\t\t<div class=\"elementor-column elementor-col-100 elementor-top-column elementor-element elementor-element-a6a7bbe\" data-id=\"a6a7bbe\" data-element_type=\"column\" data-e-type=\"column\">\n\t\t\t<div class=\"elementor-widget-wrap elementor-element-populated\">\n\t\t\t\t\t\t<div class=\"elementor-element elementor-element-4fdd1ad elementor-invisible elementor-widget elementor-widget-image\" data-id=\"4fdd1ad\" data-element_type=\"widget\" data-e-type=\"widget\" data-settings=\"{&quot;_animation&quot;:&quot;slideInUp&quot;}\" data-widget_type=\"image.default\">\n\t\t\t\t<div class=\"elementor-widget-container\">\n\t\t\t\t\t\t\t\t\t\t\t\t\t\t\t<img decoding=\"async\" width=\"800\" height=\"327\" src=\"https:\/\/ccasadecor.com.br\/wp-content\/uploads\/2023\/11\/LOGO-assinatura-email-1024x419.png\" class=\"attachment-large size-large wp-image-26\" alt=\"\" srcset=\"https:\/\/ccasadecor.com.br\/wp-content\/uploads\/2023\/11\/LOGO-assinatura-email-1024x419.png 1024w, https:\/\/ccasadecor.com.br\/wp-content\/uploads\/2023\/11\/LOGO-assinatura-email-300x123.png 300w, https:\/\/ccasadecor.com.br\/wp-content\/uploads\/2023\/11\/LOGO-assinatura-email-768x314.png 768w, https:\/\/ccasadecor.com.br\/wp-content\/uploads\/2023\/11\/LOGO-assinatura-email-1536x628.png 1536w, https:\/\/ccasadecor.com.br\/wp-content\/uploads\/2023\/11\/LOGO-assinatura-email-2048x837.png 2048w, https:\/\/ccasadecor.com.br\/wp-content\/uploads\/2023\/11\/LOGO-assinatura-email-600x245.png 600w\" sizes=\"(max-width: 800px) 100vw, 800px\" \/>\t\t\t\t\t\t\t\t\t\t\t\t\t\t\t<\/div>\n\t\t\t\t<\/div>\n\t\t\t\t\t<\/div>\n\t\t<\/div>\n\t\t\t\t\t<\/div>\n\t\t<\/section>\n\t\t\t\t<section class=\"elementor-section elementor-top-section elementor-element elementor-element-902a54f elementor-section-boxed elementor-section-height-default elementor-section-height-default elementor-invisible\" data-id=\"902a54f\" data-element_type=\"section\" data-e-type=\"section\" data-settings=\"{&quot;animation&quot;:&quot;slideInUp&quot;}\">\n\t\t\t\t\t\t<div class=\"elementor-container elementor-column-gap-default\">\n\t\t\t\t\t<div class=\"elementor-column elementor-col-50 elementor-top-column elementor-element elementor-element-2131684\" data-id=\"2131684\" data-element_type=\"column\" data-e-type=\"column\">\n\t\t\t<div class=\"elementor-widget-wrap elementor-element-populated\">\n\t\t\t\t\t\t<div class=\"elementor-element elementor-element-5ce8949 elementor-widget elementor-widget-image\" data-id=\"5ce8949\" data-element_type=\"widget\" data-e-type=\"widget\" data-widget_type=\"image.default\">\n\t\t\t\t<div class=\"elementor-widget-container\">\n\t\t\t\t\t\t\t\t\t\t\t\t\t\t\t<img decoding=\"async\" width=\"679\" height=\"852\" src=\"https:\/\/ccasadecor.com.br\/wp-content\/uploads\/2023\/11\/Candice.png\" class=\"attachment-large size-large wp-image-145\" alt=\"\" srcset=\"https:\/\/ccasadecor.com.br\/wp-content\/uploads\/2023\/11\/Candice.png 679w, https:\/\/ccasadecor.com.br\/wp-content\/uploads\/2023\/11\/Candice-239x300.png 239w, https:\/\/ccasadecor.com.br\/wp-content\/uploads\/2023\/11\/Candice-600x753.png 600w\" sizes=\"(max-width: 679px) 100vw, 679px\" \/>\t\t\t\t\t\t\t\t\t\t\t\t\t\t\t<\/div>\n\t\t\t\t<\/div>\n\t\t\t\t<div class=\"elementor-element elementor-element-b723210 elementor-invisible elementor-widget elementor-widget-text-editor\" data-id=\"b723210\" data-element_type=\"widget\" data-e-type=\"widget\" data-settings=\"{&quot;_animation&quot;:&quot;fadeIn&quot;}\" data-widget_type=\"text-editor.default\">\n\t\t\t\t<div class=\"elementor-widget-container\">\n\t\t\t\t\t\t\t\t\t<p>Candice Costa \u00e9 arquiteta de forma\u00e7\u00e3o, dona de uma mente ousada e criativa.<\/p><p>Est\u00e1 sempre aberta a mudan\u00e7as e inova\u00e7\u00f5es.<\/p><p>Transformar, aperfei\u00e7oar, criar, s\u00e3o os verbos por ela mais conjugados!<\/p><p>Ver a concretiza\u00e7\u00e3o de sonhos em forma de ambientes, \u00e9 com certeza sua maior realiza\u00e7\u00e3o!<\/p>\t\t\t\t\t\t\t\t<\/div>\n\t\t\t\t<\/div>\n\t\t\t\t\t<\/div>\n\t\t<\/div>\n\t\t\t\t<div class=\"elementor-column elementor-col-50 elementor-top-column elementor-element elementor-element-fcca3f8\" data-id=\"fcca3f8\" data-element_type=\"column\" data-e-type=\"column\">\n\t\t\t<div class=\"elementor-widget-wrap elementor-element-populated\">\n\t\t\t\t\t\t<div class=\"elementor-element elementor-element-8b0a984 elementor-widget elementor-widget-image\" data-id=\"8b0a984\" data-element_type=\"widget\" data-e-type=\"widget\" data-widget_type=\"image.default\">\n\t\t\t\t<div class=\"elementor-widget-container\">\n\t\t\t\t\t\t\t\t\t\t\t\t\t\t\t<img loading=\"lazy\" decoding=\"async\" width=\"689\" height=\"861\" src=\"https:\/\/ccasadecor.com.br\/wp-content\/uploads\/2023\/11\/Carol.png\" class=\"attachment-large size-large wp-image-146\" alt=\"\" srcset=\"https:\/\/ccasadecor.com.br\/wp-content\/uploads\/2023\/11\/Carol.png 689w, https:\/\/ccasadecor.com.br\/wp-content\/uploads\/2023\/11\/Carol-240x300.png 240w, https:\/\/ccasadecor.com.br\/wp-content\/uploads\/2023\/11\/Carol-600x750.png 600w\" sizes=\"(max-width: 689px) 100vw, 689px\" \/>\t\t\t\t\t\t\t\t\t\t\t\t\t\t\t<\/div>\n\t\t\t\t<\/div>\n\t\t\t\t<div class=\"elementor-element elementor-element-b09fad2 elementor-invisible elementor-widget elementor-widget-text-editor\" data-id=\"b09fad2\" data-element_type=\"widget\" data-e-type=\"widget\" data-settings=\"{&quot;_animation&quot;:&quot;fadeIn&quot;}\" data-widget_type=\"text-editor.default\">\n\t\t\t\t<div class=\"elementor-widget-container\">\n\t\t\t\t\t\t\t\t\t<p>Carol Fernandes \u00e9 arquiteta de forma\u00e7\u00e3o e cora\u00e7\u00e3o.<\/p><p>Apaixonada pelo universo da arquitetura e todas as suas varia\u00e7\u00f5es.<\/p><p>Sempre esteve imersa no campo da cria\u00e7\u00e3o desde sua primeira forma\u00e7\u00e3o em Design de Moda pela UFC, onde era preciso montar cen\u00e1rios para fotografias e moulages.<\/p><p>Fazer parte da vida das pessoas atrav\u00e9s da Idealiza\u00e7\u00e3o de espa\u00e7os funcionais e agrad\u00e1veis \u00e9 sem d\u00favidas sua maior realiza\u00e7\u00e3o.<\/p>\t\t\t\t\t\t\t\t<\/div>\n\t\t\t\t<\/div>\n\t\t\t\t\t<\/div>\n\t\t<\/div>\n\t\t\t\t\t<\/div>\n\t\t<\/section>\n\t\t\t\t<\/div>\n\t\t","protected":false},"excerpt":{"rendered":"<p>Essa hist\u00f3ria come\u00e7ou h\u00e1 quase 10 anos, quando a arquitetura passou a fazer parte das nossas vidas ainda na faculdade. Mentes criativas e inquietas se conectam! O desejo de criar projetos humanizados e personificados nos uniu. O Ccasa nasce do sonho de duas mulheres arquitetas que criam com a alma e projetam com o cora\u00e7\u00e3o.Especialistas [&hellip;]<\/p>\n","protected":false},"author":1,"featured_media":0,"parent":0,"menu_order":0,"comment_status":"closed","ping_status":"closed","template":"","meta":{"footnotes":""},"class_list":["post-30","page","type-page","status-publish","hentry"],"_links":{"self":[{"href":"https:\/\/ccasadecor.com.br\/index.php\/wp-json\/wp\/v2\/pages\/30","targetHints":{"allow":["GET"]}}],"collection":[{"href":"https:\/\/ccasadecor.com.br\/index.php\/wp-json\/wp\/v2\/pages"}],"about":[{"href":"https:\/\/ccasadecor.com.br\/index.php\/wp-json\/wp\/v2\/types\/page"}],"author":[{"embeddable":true,"href":"https:\/\/ccasadecor.com.br\/index.php\/wp-json\/wp\/v2\/users\/1"}],"replies":[{"embeddable":true,"href":"https:\/\/ccasadecor.com.br\/index.php\/wp-json\/wp\/v2\/comments?post=30"}],"version-history":[{"count":58,"href":"https:\/\/ccasadecor.com.br\/index.php\/wp-json\/wp\/v2\/pages\/30\/revisions"}],"predecessor-version":[{"id":233,"href":"https:\/\/ccasadecor.com.br\/index.php\/wp-json\/wp\/v2\/pages\/30\/revisions\/233"}],"wp:attachment":[{"href":"https:\/\/ccasadecor.com.br\/index.php\/wp-json\/wp\/v2\/media?parent=30"}],"curies":[{"name":"wp","href":"https:\/\/api.w.org\/{rel}","templated":true}]}}